{"id":600,"date":"2018-10-18T01:54:58","date_gmt":"2018-10-17T23:54:58","guid":{"rendered":"http:\/\/hexenwissen.at\/blog\/?page_id=600"},"modified":"2018-10-18T01:54:58","modified_gmt":"2018-10-17T23:54:58","slug":"sandarak","status":"publish","type":"page","link":"https:\/\/hexenwissen.at\/blog\/raeucherlexikon\/sandarak\/","title":{"rendered":"Sandarak"},"content":{"rendered":"<p><em>verwendeter Pflanzenteil: Harz<\/em><\/p>\n<p>Sandarak-Harz wird aus der Gliederzypresse (Tetraclinis articulata) gewonnen. Diese ist vor allem in Marokko, Algerien, Malta und S\u00fcdspanien beheimatet.<br \/>\nBei uns wird dieses Harz, im Gegensatz zu den Heimatl\u00e4ndern der Gliederzypresse, eher als Rohstoff zur Lackherstellung anstatt zum R\u00e4uchern verwendet.<br \/>\nIn Nordafrika verr\u00e4uchert man es bei schweren Geburten und Bauchschmerzen. Der Duft wirkt stark entspannend und bietet sich deswegen gut f\u00fcr Abendr\u00e4ucherungen nach einem stressigen Tag an.<\/p>\n<p><strong class=\"text-strong\">Duft:<\/strong>\u00a0balsamisch, warm<\/p>\n<p><strong class=\"text-strong\">Wirkung beim R\u00e4uchern:<\/strong>\u00a0Reinigung, Entspannung, kl\u00e4rend und befreiend<\/p>\n<p><strong class=\"text-strong\">Mischen mit:\u00a0<\/strong><br \/>\n<em class=\"text-italics\">Koriander<br \/>\nBenzoe<br \/>\nMastix<\/em><\/p>\n<p><a href=\"http:\/\/hexenwissen.at\/blog\/raeucherlexikon\/\">Z<\/a><a href=\"http:\/\/hexenwissen.at\/blog\/raeucherlexikon\/\">ur\u00fcck zur A-Z \u00dcbersicht &gt;&gt;<\/a><\/p>\n<p><a href=\"\/\/www.pinterest.com\/pin\/create\/button\/\" data-pin-do=\"buttonBookmark\" data-pin-color=\"red\" data-pin-height=\"128\"><img decoding=\"async\" src=\"\/\/assets.pinterest.com\/images\/pidgets\/pinit_fg_en_rect_red_28.png\" \/><\/a><\/p>","protected":false},"excerpt":{"rendered":"<p>verwendeter Pflanzenteil: Harz Sandarak-Harz wird aus der Gliederzypresse (Tetraclinis articulata) gewonnen. Diese ist vor allem in Marokko, Algerien, Malta und S\u00fcdspanien beheimatet. Bei uns wird &hellip; <\/p>\n","protected":false},"author":1,"featured_media":0,"parent":200,"menu_order":0,"comment_status":"closed","ping_status":"closed","template":"","meta":{"ngg_post_thumbnail":0,"footnotes":""},"yoast_head":"<!-- This site is optimized with the Yoast SEO plugin v23.5 - https:\/\/yoast.com\/wordpress\/plugins\/seo\/ -->\n<title>Sandarak - Hexenwissen.at<\/title>\n<meta name=\"robots\" content=\"index, follow, max-snippet:-1, max-image-preview:large, max-video-preview:-1\" \/>\n<link rel=\"canonical\" href=\"https:\/\/hexenwissen.at\/blog\/raeucherlexikon\/sandarak\/\" \/>\n<meta property=\"og:locale\" content=\"de_DE\" \/>\n<meta property=\"og:type\" content=\"article\" \/>\n<meta property=\"og:title\" content=\"Sandarak - Hexenwissen.at\" \/>\n<meta property=\"og:description\" content=\"verwendeter Pflanzenteil: Harz Sandarak-Harz wird aus der Gliederzypresse (Tetraclinis articulata) gewonnen. Diese ist vor allem in Marokko, Algerien, Malta und S\u00fcdspanien beheimatet. Bei uns wird &hellip;\" \/>\n<meta property=\"og:url\" content=\"https:\/\/hexenwissen.at\/blog\/raeucherlexikon\/sandarak\/\" \/>\n<meta property=\"og:site_name\" content=\"Hexenwissen.at\" \/>\n<meta name=\"twitter:card\" content=\"summary_large_image\" \/>\n<meta name=\"twitter:label1\" content=\"Gesch\u00e4tzte Lesezeit\" \/>\n\t<meta name=\"twitter:data1\" content=\"1\u00a0Minute\" \/>\n<script type=\"application\/ld+json\" class=\"yoast-schema-graph\">{\"@context\":\"https:\/\/schema.org\",\"@graph\":[{\"@type\":\"WebPage\",\"@id\":\"https:\/\/hexenwissen.at\/blog\/raeucherlexikon\/sandarak\/\",\"url\":\"https:\/\/hexenwissen.at\/blog\/raeucherlexikon\/sandarak\/\",\"name\":\"Sandarak - Hexenwissen.at\",\"isPartOf\":{\"@id\":\"https:\/\/hexenwissen.at\/blog\/#website\"},\"datePublished\":\"2018-10-17T23:54:58+00:00\",\"dateModified\":\"2018-10-17T23:54:58+00:00\",\"breadcrumb\":{\"@id\":\"https:\/\/hexenwissen.at\/blog\/raeucherlexikon\/sandarak\/#breadcrumb\"},\"inLanguage\":\"de\",\"potentialAction\":[{\"@type\":\"ReadAction\",\"target\":[\"https:\/\/hexenwissen.at\/blog\/raeucherlexikon\/sandarak\/\"]}]},{\"@type\":\"BreadcrumbList\",\"@id\":\"https:\/\/hexenwissen.at\/blog\/raeucherlexikon\/sandarak\/#breadcrumb\",\"itemListElement\":[{\"@type\":\"ListItem\",\"position\":1,\"name\":\"Startseite\",\"item\":\"https:\/\/hexenwissen.at\/blog\/\"},{\"@type\":\"ListItem\",\"position\":2,\"name\":\"R\u00e4ucherlexikon\",\"item\":\"https:\/\/hexenwissen.at\/blog\/raeucherlexikon\/\"},{\"@type\":\"ListItem\",\"position\":3,\"name\":\"Sandarak\"}]},{\"@type\":\"WebSite\",\"@id\":\"https:\/\/hexenwissen.at\/blog\/#website\",\"url\":\"https:\/\/hexenwissen.at\/blog\/\",\"name\":\"Hexenwissen.at\",\"description\":\"Infos f\u00fcr Hexen, Heiden und Magie-Interessierte\",\"publisher\":{\"@id\":\"https:\/\/hexenwissen.at\/blog\/#organization\"},\"potentialAction\":[{\"@type\":\"SearchAction\",\"target\":{\"@type\":\"EntryPoint\",\"urlTemplate\":\"https:\/\/hexenwissen.at\/blog\/?s={search_term_string}\"},\"query-input\":{\"@type\":\"PropertyValueSpecification\",\"valueRequired\":true,\"valueName\":\"search_term_string\"}}],\"inLanguage\":\"de\"},{\"@type\":\"Organization\",\"@id\":\"https:\/\/hexenwissen.at\/blog\/#organization\",\"name\":\"Hexenwissen.at\",\"url\":\"https:\/\/hexenwissen.at\/blog\/\",\"logo\":{\"@type\":\"ImageObject\",\"inLanguage\":\"de\",\"@id\":\"https:\/\/hexenwissen.at\/blog\/#\/schema\/logo\/image\/\",\"url\":\"https:\/\/hexenwissen.at\/blog\/wp-content\/uploads\/2021\/03\/logo-hexenwissen.png\",\"contentUrl\":\"https:\/\/hexenwissen.at\/blog\/wp-content\/uploads\/2021\/03\/logo-hexenwissen.png\",\"width\":2124,\"height\":400,\"caption\":\"Hexenwissen.at\"},\"image\":{\"@id\":\"https:\/\/hexenwissen.at\/blog\/#\/schema\/logo\/image\/\"}}]}<\/script>\n<!-- \/ Yoast SEO plugin. -->","yoast_head_json":{"title":"Sandarak - Hexenwissen.at","robots":{"index":"index","follow":"follow","max-snippet":"max-snippet:-1","max-image-preview":"max-image-preview:large","max-video-preview":"max-video-preview:-1"},"canonical":"https:\/\/hexenwissen.at\/blog\/raeucherlexikon\/sandarak\/","og_locale":"de_DE","og_type":"article","og_title":"Sandarak - Hexenwissen.at","og_description":"verwendeter Pflanzenteil: Harz Sandarak-Harz wird aus der Gliederzypresse (Tetraclinis articulata) gewonnen. Diese ist vor allem in Marokko, Algerien, Malta und S\u00fcdspanien beheimatet. Bei uns wird &hellip;","og_url":"https:\/\/hexenwissen.at\/blog\/raeucherlexikon\/sandarak\/","og_site_name":"Hexenwissen.at","twitter_card":"summary_large_image","twitter_misc":{"Gesch\u00e4tzte Lesezeit":"1\u00a0Minute"},"schema":{"@context":"https:\/\/schema.org","@graph":[{"@type":"WebPage","@id":"https:\/\/hexenwissen.at\/blog\/raeucherlexikon\/sandarak\/","url":"https:\/\/hexenwissen.at\/blog\/raeucherlexikon\/sandarak\/","name":"Sandarak - Hexenwissen.at","isPartOf":{"@id":"https:\/\/hexenwissen.at\/blog\/#website"},"datePublished":"2018-10-17T23:54:58+00:00","dateModified":"2018-10-17T23:54:58+00:00","breadcrumb":{"@id":"https:\/\/hexenwissen.at\/blog\/raeucherlexikon\/sandarak\/#breadcrumb"},"inLanguage":"de","potentialAction":[{"@type":"ReadAction","target":["https:\/\/hexenwissen.at\/blog\/raeucherlexikon\/sandarak\/"]}]},{"@type":"BreadcrumbList","@id":"https:\/\/hexenwissen.at\/blog\/raeucherlexikon\/sandarak\/#breadcrumb","itemListElement":[{"@type":"ListItem","position":1,"name":"Startseite","item":"https:\/\/hexenwissen.at\/blog\/"},{"@type":"ListItem","position":2,"name":"R\u00e4ucherlexikon","item":"https:\/\/hexenwissen.at\/blog\/raeucherlexikon\/"},{"@type":"ListItem","position":3,"name":"Sandarak"}]},{"@type":"WebSite","@id":"https:\/\/hexenwissen.at\/blog\/#website","url":"https:\/\/hexenwissen.at\/blog\/","name":"Hexenwissen.at","description":"Infos f\u00fcr Hexen, Heiden und Magie-Interessierte","publisher":{"@id":"https:\/\/hexenwissen.at\/blog\/#organization"},"potentialAction":[{"@type":"SearchAction","target":{"@type":"EntryPoint","urlTemplate":"https:\/\/hexenwissen.at\/blog\/?s={search_term_string}"},"query-input":{"@type":"PropertyValueSpecification","valueRequired":true,"valueName":"search_term_string"}}],"inLanguage":"de"},{"@type":"Organization","@id":"https:\/\/hexenwissen.at\/blog\/#organization","name":"Hexenwissen.at","url":"https:\/\/hexenwissen.at\/blog\/","logo":{"@type":"ImageObject","inLanguage":"de","@id":"https:\/\/hexenwissen.at\/blog\/#\/schema\/logo\/image\/","url":"https:\/\/hexenwissen.at\/blog\/wp-content\/uploads\/2021\/03\/logo-hexenwissen.png","contentUrl":"https:\/\/hexenwissen.at\/blog\/wp-content\/uploads\/2021\/03\/logo-hexenwissen.png","width":2124,"height":400,"caption":"Hexenwissen.at"},"image":{"@id":"https:\/\/hexenwissen.at\/blog\/#\/schema\/logo\/image\/"}}]}},"_links":{"self":[{"href":"https:\/\/hexenwissen.at\/blog\/wp-json\/wp\/v2\/pages\/600"}],"collection":[{"href":"https:\/\/hexenwissen.at\/blog\/wp-json\/wp\/v2\/pages"}],"about":[{"href":"https:\/\/hexenwissen.at\/blog\/wp-json\/wp\/v2\/types\/page"}],"author":[{"embeddable":true,"href":"https:\/\/hexenwissen.at\/blog\/wp-json\/wp\/v2\/users\/1"}],"replies":[{"embeddable":true,"href":"https:\/\/hexenwissen.at\/blog\/wp-json\/wp\/v2\/comments?post=600"}],"version-history":[{"count":1,"href":"https:\/\/hexenwissen.at\/blog\/wp-json\/wp\/v2\/pages\/600\/revisions"}],"predecessor-version":[{"id":601,"href":"https:\/\/hexenwissen.at\/blog\/wp-json\/wp\/v2\/pages\/600\/revisions\/601"}],"up":[{"embeddable":true,"href":"https:\/\/hexenwissen.at\/blog\/wp-json\/wp\/v2\/pages\/200"}],"wp:attachment":[{"href":"https:\/\/hexenwissen.at\/blog\/wp-json\/wp\/v2\/media?parent=600"}],"curies":[{"name":"wp","href":"https:\/\/api.w.org\/{rel}","templated":true}]}}