{"id":351,"date":"2018-10-17T01:08:14","date_gmt":"2018-10-16T23:08:14","guid":{"rendered":"http:\/\/hexenwissen.at\/blog\/?page_id=351"},"modified":"2018-10-17T01:08:51","modified_gmt":"2018-10-16T23:08:51","slug":"baldrian","status":"publish","type":"page","link":"https:\/\/hexenwissen.at\/blog\/raeucherlexikon\/baldrian\/","title":{"rendered":"Baldrian"},"content":{"rendered":"<p><em>verwendete Pflanzenteile: Wurzel<\/em><br \/>\n<em class=\"text-italics\">andere Namen: Augenwurz, Hexenwurz, Dreifuss, Mondwurz, Elfenwurz<\/em><\/p>\n<p>Der Baldrian (Valeriana officinalis) der aus der Familie der Baldriangew\u00e4chse stammt w\u00e4chst haupts\u00e4chlich in bewaldeten Gebieten Europas und auch teilweise in Nordamerika.<br \/>\nBaldrian ist durch seine wissenschaftlich erwiesene Wirkung als gut vertr\u00e4gliches Heilmittel in vielen Kulturen beliebt. Verwendet bei nerv\u00f6sen Verspannungen, Schlafst\u00f6rungen, Nervenleiden und auch zur Schmerzlinderung.<\/p>\n<p><img loading=\"lazy\" decoding=\"async\" class=\"alignnone size-medium wp-image-354\" src=\"http:\/\/hexenwissen.at\/blog\/wp-content\/uploads\/2018\/10\/Baldrian-Valeriana_officinalis_-_K\u00f6hler\u2013s_Medizinal-Pflanzen-143-229x300.jpg\" alt=\"\" width=\"229\" height=\"300\" srcset=\"https:\/\/hexenwissen.at\/blog\/wp-content\/uploads\/2018\/10\/Baldrian-Valeriana_officinalis_-_K\u00f6hler\u2013s_Medizinal-Pflanzen-143-229x300.jpg 229w, https:\/\/hexenwissen.at\/blog\/wp-content\/uploads\/2018\/10\/Baldrian-Valeriana_officinalis_-_K\u00f6hler\u2013s_Medizinal-Pflanzen-143.jpg 453w\" sizes=\"(max-width: 229px) 100vw, 229px\" \/><br \/>\nSeine volkst\u00fcmlichen Namen wie zb Mond- oder Elfenwurz verdankt er den Umst\u00e4nden, dass er uns beim verr\u00e4uchern hilft Naturwesen st\u00e4rker wahrzunehmen.<br \/>\nAuch wird er verr\u00e4uchert um b\u00f6se Energien und Geister auszutreiben. Er soll ausgestreut vor Verzauberung bewahren und geh\u00f6rt zu den Pflanzen die vor der Pest sch\u00fctzen sollten.<br \/>\nEbenso wurde er als Amulett getragen oder f\u00fcr Bindezauber verwendet. Zum Beispiel tranken Braut und Br\u00e4utigam auf ihrer Hochzeit beide Wein mit Baldrian um ihre Bande zu st\u00e4rken.<br \/>\nAuf Katzen hat Besonders der Geruch der Wurzel eine hohe Anziehungskraft. Und da man diese oft in Verbindung mit Hexen brachte, ma\u00df man der Wurzel gro\u00dfe Zauberkr\u00e4fte bei.<br \/>\nDie Wurzel sollte man beim R\u00e4uchern eher gering dosieren, da sich sonst ein sehr rauchig-stechender Duft entwickelt.<\/p>\n<p><strong class=\"text-strong\">Duft:<\/strong>\u00a0rauchig<\/p>\n<p><strong class=\"text-strong\">Wirkung beim R\u00e4uchern:\u00a0<\/strong>(Bl\u00fcte) Intuition, st\u00e4rkt das innere Auge, f\u00f6rdert Traumerleben, (Wurzel) f\u00f6rdert die Lust, Bindungs-R\u00e4ucherung, Geisteraustreibung<\/p>\n<p><strong class=\"text-strong\">Mischen mit:\u00a0<\/strong><br \/>\n<em class=\"text-italics\">Weihrauch<br \/>\nKalmus<br \/>\nLavendel<br \/>\nRosmarin<\/em><\/p>\n<p><a href=\"http:\/\/hexenwissen.at\/blog\/raeucherlexikon\/\">Z<\/a><a style=\"font-size: 1rem;\" href=\"http:\/\/hexenwissen.at\/blog\/raeucherlexikon\/\">ur\u00fcck zur A-Z \u00dcbersicht &gt;&gt;<\/a><\/p>\n<p><a href=\"\/\/www.pinterest.com\/pin\/create\/button\/\" data-pin-do=\"buttonBookmark\" data-pin-color=\"red\" data-pin-height=\"128\"><img decoding=\"async\" src=\"\/\/assets.pinterest.com\/images\/pidgets\/pinit_fg_en_rect_red_28.png\" \/><\/a><\/p>","protected":false},"excerpt":{"rendered":"<p>verwendete Pflanzenteile: Wurzel andere Namen: Augenwurz, Hexenwurz, Dreifuss, Mondwurz, Elfenwurz Der Baldrian (Valeriana officinalis) der aus der Familie der Baldriangew\u00e4chse stammt w\u00e4chst haupts\u00e4chlich in bewaldeten &hellip; <\/p>\n","protected":false},"author":1,"featured_media":352,"parent":200,"menu_order":0,"comment_status":"closed","ping_status":"closed","template":"","meta":{"ngg_post_thumbnail":0,"footnotes":""},"yoast_head":"<!-- This site is optimized with the Yoast SEO plugin v23.5 - https:\/\/yoast.com\/wordpress\/plugins\/seo\/ -->\n<title>Baldrian - Hexenwissen.at<\/title>\n<meta name=\"robots\" content=\"index, follow, max-snippet:-1, max-image-preview:large, max-video-preview:-1\" \/>\n<link rel=\"canonical\" href=\"https:\/\/hexenwissen.at\/blog\/raeucherlexikon\/baldrian\/\" \/>\n<meta property=\"og:locale\" content=\"de_DE\" \/>\n<meta property=\"og:type\" content=\"article\" \/>\n<meta property=\"og:title\" content=\"Baldrian - Hexenwissen.at\" \/>\n<meta property=\"og:description\" content=\"verwendete Pflanzenteile: Wurzel andere Namen: Augenwurz, Hexenwurz, Dreifuss, Mondwurz, Elfenwurz Der Baldrian (Valeriana officinalis) der aus der Familie der Baldriangew\u00e4chse stammt w\u00e4chst haupts\u00e4chlich in bewaldeten &hellip;\" \/>\n<meta property=\"og:url\" content=\"https:\/\/hexenwissen.at\/blog\/raeucherlexikon\/baldrian\/\" \/>\n<meta property=\"og:site_name\" content=\"Hexenwissen.at\" \/>\n<meta property=\"article:modified_time\" content=\"2018-10-16T23:08:51+00:00\" \/>\n<meta property=\"og:image\" content=\"https:\/\/hexenwissen.at\/blog\/wp-content\/uploads\/2018\/10\/valerian-7859_1280.jpg\" \/>\n\t<meta property=\"og:image:width\" content=\"1280\" \/>\n\t<meta property=\"og:image:height\" content=\"960\" \/>\n\t<meta property=\"og:image:type\" content=\"image\/jpeg\" \/>\n<meta name=\"twitter:card\" content=\"summary_large_image\" \/>\n<meta name=\"twitter:label1\" content=\"Gesch\u00e4tzte Lesezeit\" \/>\n\t<meta name=\"twitter:data1\" content=\"1\u00a0Minute\" \/>\n<script type=\"application\/ld+json\" class=\"yoast-schema-graph\">{\"@context\":\"https:\/\/schema.org\",\"@graph\":[{\"@type\":\"WebPage\",\"@id\":\"https:\/\/hexenwissen.at\/blog\/raeucherlexikon\/baldrian\/\",\"url\":\"https:\/\/hexenwissen.at\/blog\/raeucherlexikon\/baldrian\/\",\"name\":\"Baldrian - Hexenwissen.at\",\"isPartOf\":{\"@id\":\"https:\/\/hexenwissen.at\/blog\/#website\"},\"primaryImageOfPage\":{\"@id\":\"https:\/\/hexenwissen.at\/blog\/raeucherlexikon\/baldrian\/#primaryimage\"},\"image\":{\"@id\":\"https:\/\/hexenwissen.at\/blog\/raeucherlexikon\/baldrian\/#primaryimage\"},\"thumbnailUrl\":\"https:\/\/hexenwissen.at\/blog\/wp-content\/uploads\/2018\/10\/valerian-7859_1280.jpg\",\"datePublished\":\"2018-10-16T23:08:14+00:00\",\"dateModified\":\"2018-10-16T23:08:51+00:00\",\"breadcrumb\":{\"@id\":\"https:\/\/hexenwissen.at\/blog\/raeucherlexikon\/baldrian\/#breadcrumb\"},\"inLanguage\":\"de\",\"potentialAction\":[{\"@type\":\"ReadAction\",\"target\":[\"https:\/\/hexenwissen.at\/blog\/raeucherlexikon\/baldrian\/\"]}]},{\"@type\":\"ImageObject\",\"inLanguage\":\"de\",\"@id\":\"https:\/\/hexenwissen.at\/blog\/raeucherlexikon\/baldrian\/#primaryimage\",\"url\":\"https:\/\/hexenwissen.at\/blog\/wp-content\/uploads\/2018\/10\/valerian-7859_1280.jpg\",\"contentUrl\":\"https:\/\/hexenwissen.at\/blog\/wp-content\/uploads\/2018\/10\/valerian-7859_1280.jpg\",\"width\":1280,\"height\":960},{\"@type\":\"BreadcrumbList\",\"@id\":\"https:\/\/hexenwissen.at\/blog\/raeucherlexikon\/baldrian\/#breadcrumb\",\"itemListElement\":[{\"@type\":\"ListItem\",\"position\":1,\"name\":\"Startseite\",\"item\":\"https:\/\/hexenwissen.at\/blog\/\"},{\"@type\":\"ListItem\",\"position\":2,\"name\":\"R\u00e4ucherlexikon\",\"item\":\"https:\/\/hexenwissen.at\/blog\/raeucherlexikon\/\"},{\"@type\":\"ListItem\",\"position\":3,\"name\":\"Baldrian\"}]},{\"@type\":\"WebSite\",\"@id\":\"https:\/\/hexenwissen.at\/blog\/#website\",\"url\":\"https:\/\/hexenwissen.at\/blog\/\",\"name\":\"Hexenwissen.at\",\"description\":\"Infos f\u00fcr Hexen, Heiden und Magie-Interessierte\",\"publisher\":{\"@id\":\"https:\/\/hexenwissen.at\/blog\/#organization\"},\"potentialAction\":[{\"@type\":\"SearchAction\",\"target\":{\"@type\":\"EntryPoint\",\"urlTemplate\":\"https:\/\/hexenwissen.at\/blog\/?s={search_term_string}\"},\"query-input\":{\"@type\":\"PropertyValueSpecification\",\"valueRequired\":true,\"valueName\":\"search_term_string\"}}],\"inLanguage\":\"de\"},{\"@type\":\"Organization\",\"@id\":\"https:\/\/hexenwissen.at\/blog\/#organization\",\"name\":\"Hexenwissen.at\",\"url\":\"https:\/\/hexenwissen.at\/blog\/\",\"logo\":{\"@type\":\"ImageObject\",\"inLanguage\":\"de\",\"@id\":\"https:\/\/hexenwissen.at\/blog\/#\/schema\/logo\/image\/\",\"url\":\"https:\/\/hexenwissen.at\/blog\/wp-content\/uploads\/2021\/03\/logo-hexenwissen.png\",\"contentUrl\":\"https:\/\/hexenwissen.at\/blog\/wp-content\/uploads\/2021\/03\/logo-hexenwissen.png\",\"width\":2124,\"height\":400,\"caption\":\"Hexenwissen.at\"},\"image\":{\"@id\":\"https:\/\/hexenwissen.at\/blog\/#\/schema\/logo\/image\/\"}}]}<\/script>\n<!-- \/ Yoast SEO plugin. -->","yoast_head_json":{"title":"Baldrian - Hexenwissen.at","robots":{"index":"index","follow":"follow","max-snippet":"max-snippet:-1","max-image-preview":"max-image-preview:large","max-video-preview":"max-video-preview:-1"},"canonical":"https:\/\/hexenwissen.at\/blog\/raeucherlexikon\/baldrian\/","og_locale":"de_DE","og_type":"article","og_title":"Baldrian - Hexenwissen.at","og_description":"verwendete Pflanzenteile: Wurzel andere Namen: Augenwurz, Hexenwurz, Dreifuss, Mondwurz, Elfenwurz Der Baldrian (Valeriana officinalis) der aus der Familie der Baldriangew\u00e4chse stammt w\u00e4chst haupts\u00e4chlich in bewaldeten &hellip;","og_url":"https:\/\/hexenwissen.at\/blog\/raeucherlexikon\/baldrian\/","og_site_name":"Hexenwissen.at","article_modified_time":"2018-10-16T23:08:51+00:00","og_image":[{"width":1280,"height":960,"url":"https:\/\/hexenwissen.at\/blog\/wp-content\/uploads\/2018\/10\/valerian-7859_1280.jpg","type":"image\/jpeg"}],"twitter_card":"summary_large_image","twitter_misc":{"Gesch\u00e4tzte Lesezeit":"1\u00a0Minute"},"schema":{"@context":"https:\/\/schema.org","@graph":[{"@type":"WebPage","@id":"https:\/\/hexenwissen.at\/blog\/raeucherlexikon\/baldrian\/","url":"https:\/\/hexenwissen.at\/blog\/raeucherlexikon\/baldrian\/","name":"Baldrian - Hexenwissen.at","isPartOf":{"@id":"https:\/\/hexenwissen.at\/blog\/#website"},"primaryImageOfPage":{"@id":"https:\/\/hexenwissen.at\/blog\/raeucherlexikon\/baldrian\/#primaryimage"},"image":{"@id":"https:\/\/hexenwissen.at\/blog\/raeucherlexikon\/baldrian\/#primaryimage"},"thumbnailUrl":"https:\/\/hexenwissen.at\/blog\/wp-content\/uploads\/2018\/10\/valerian-7859_1280.jpg","datePublished":"2018-10-16T23:08:14+00:00","dateModified":"2018-10-16T23:08:51+00:00","breadcrumb":{"@id":"https:\/\/hexenwissen.at\/blog\/raeucherlexikon\/baldrian\/#breadcrumb"},"inLanguage":"de","potentialAction":[{"@type":"ReadAction","target":["https:\/\/hexenwissen.at\/blog\/raeucherlexikon\/baldrian\/"]}]},{"@type":"ImageObject","inLanguage":"de","@id":"https:\/\/hexenwissen.at\/blog\/raeucherlexikon\/baldrian\/#primaryimage","url":"https:\/\/hexenwissen.at\/blog\/wp-content\/uploads\/2018\/10\/valerian-7859_1280.jpg","contentUrl":"https:\/\/hexenwissen.at\/blog\/wp-content\/uploads\/2018\/10\/valerian-7859_1280.jpg","width":1280,"height":960},{"@type":"BreadcrumbList","@id":"https:\/\/hexenwissen.at\/blog\/raeucherlexikon\/baldrian\/#breadcrumb","itemListElement":[{"@type":"ListItem","position":1,"name":"Startseite","item":"https:\/\/hexenwissen.at\/blog\/"},{"@type":"ListItem","position":2,"name":"R\u00e4ucherlexikon","item":"https:\/\/hexenwissen.at\/blog\/raeucherlexikon\/"},{"@type":"ListItem","position":3,"name":"Baldrian"}]},{"@type":"WebSite","@id":"https:\/\/hexenwissen.at\/blog\/#website","url":"https:\/\/hexenwissen.at\/blog\/","name":"Hexenwissen.at","description":"Infos f\u00fcr Hexen, Heiden und Magie-Interessierte","publisher":{"@id":"https:\/\/hexenwissen.at\/blog\/#organization"},"potentialAction":[{"@type":"SearchAction","target":{"@type":"EntryPoint","urlTemplate":"https:\/\/hexenwissen.at\/blog\/?s={search_term_string}"},"query-input":{"@type":"PropertyValueSpecification","valueRequired":true,"valueName":"search_term_string"}}],"inLanguage":"de"},{"@type":"Organization","@id":"https:\/\/hexenwissen.at\/blog\/#organization","name":"Hexenwissen.at","url":"https:\/\/hexenwissen.at\/blog\/","logo":{"@type":"ImageObject","inLanguage":"de","@id":"https:\/\/hexenwissen.at\/blog\/#\/schema\/logo\/image\/","url":"https:\/\/hexenwissen.at\/blog\/wp-content\/uploads\/2021\/03\/logo-hexenwissen.png","contentUrl":"https:\/\/hexenwissen.at\/blog\/wp-content\/uploads\/2021\/03\/logo-hexenwissen.png","width":2124,"height":400,"caption":"Hexenwissen.at"},"image":{"@id":"https:\/\/hexenwissen.at\/blog\/#\/schema\/logo\/image\/"}}]}},"_links":{"self":[{"href":"https:\/\/hexenwissen.at\/blog\/wp-json\/wp\/v2\/pages\/351"}],"collection":[{"href":"https:\/\/hexenwissen.at\/blog\/wp-json\/wp\/v2\/pages"}],"about":[{"href":"https:\/\/hexenwissen.at\/blog\/wp-json\/wp\/v2\/types\/page"}],"author":[{"embeddable":true,"href":"https:\/\/hexenwissen.at\/blog\/wp-json\/wp\/v2\/users\/1"}],"replies":[{"embeddable":true,"href":"https:\/\/hexenwissen.at\/blog\/wp-json\/wp\/v2\/comments?post=351"}],"version-history":[{"count":2,"href":"https:\/\/hexenwissen.at\/blog\/wp-json\/wp\/v2\/pages\/351\/revisions"}],"predecessor-version":[{"id":356,"href":"https:\/\/hexenwissen.at\/blog\/wp-json\/wp\/v2\/pages\/351\/revisions\/356"}],"up":[{"embeddable":true,"href":"https:\/\/hexenwissen.at\/blog\/wp-json\/wp\/v2\/pages\/200"}],"wp:featuredmedia":[{"embeddable":true,"href":"https:\/\/hexenwissen.at\/blog\/wp-json\/wp\/v2\/media\/352"}],"wp:attachment":[{"href":"https:\/\/hexenwissen.at\/blog\/wp-json\/wp\/v2\/media?parent=351"}],"curies":[{"name":"wp","href":"https:\/\/api.w.org\/{rel}","templated":true}]}}